{"id":808,"date":"2026-05-08T01:08:03","date_gmt":"2026-05-08T01:08:03","guid":{"rendered":"https:\/\/aurasaggiavicensini.cl\/?page_id=808"},"modified":"2026-05-08T01:33:52","modified_gmt":"2026-05-08T01:33:52","slug":"el-valor-de-lo-invisible","status":"publish","type":"page","link":"https:\/\/aurasaggiavicensini.cl\/?page_id=808","title":{"rendered":"El Valor de lo Invisible:"},"content":{"rendered":"\t\t<div data-elementor-type=\"wp-page\" data-elementor-id=\"808\" class=\"elementor elementor-808\">\n\t\t\t\t<div class=\"elementor-element elementor-element-ba7b794 e-flex e-con-boxed e-con e-parent\" data-id=\"ba7b794\" data-element_type=\"container\" data-e-type=\"container\">\n\t\t\t\t\t<div class=\"e-con-inner\">\n\t\t<div class=\"elementor-element elementor-element-c975124 e-con-full e-flex e-con e-child\" data-id=\"c975124\" data-element_type=\"container\" data-e-type=\"container\">\n\t\t\t\t\t\t\t\n\t\t\t<img class=\"e-image-base \" \n\t\t\t\t\tdata-interaction-id=\"d3edf4b\" \n\t\t \n\t\t \n\t\t\t\t\t\t\t\t\tid=\"822\"\n\t\t\t\t\t\t\t\t\t\t\t\tsrc=\"https:\/\/aurasaggiavicensini.cl\/wp-content\/uploads\/2026\/05\/valor.png\"\n\t\t\t\t\t\t\t\t\t\t\t\twidth=\"300\"\n\t\t\t\t\t\t\t\t\t\t\t\theight=\"600\"\n\t\t\t\t\t\t\t\t\t\t\t\tsrcset=\"https:\/\/aurasaggiavicensini.cl\/wp-content\/uploads\/2026\/05\/valor.png 300w, https:\/\/aurasaggiavicensini.cl\/wp-content\/uploads\/2026\/05\/valor-150x300.png 150w\"\n\t\t\t\t\t\t\t\t\t\t\t\talt=\"\"\n\t\t\t\t\t\t\/>\n\t\t\t\t\t<\/div>\n\t\t<div class=\"elementor-element elementor-element-b8f61b0 e-con-full e-flex e-con e-child\" data-id=\"b8f61b0\" data-element_type=\"container\" data-e-type=\"container\">\n\t\t\t\t\t\t\t\t<p class=\"e-3219f85-8e6c85a e-paragraph-base\" data-interaction-id=\"3219f85\"  >\n\t\t\t\t\t\t\t\tDetr\u00e1s de cada gran acuerdo, de cada alianza gremial o de cada proyecto territorial exitoso, existe una arquitectura invisible que lo sostiene. Mi labor es dise\u00f1ar esa estructura: un entorno donde la&nbsp;<strong>precisi\u00f3n t\u00e9cnica<\/strong>&nbsp;y la&nbsp;<strong>calidez humana <\/strong>convergen para transformar una simple interacci\u00f3n en un v\u00ednculo de confianza profunda.<br><br>Para m\u00ed, el&nbsp;<strong>Protocolo<\/strong>&nbsp;no es un conjunto de reglas r\u00edgidas, sino un lenguaje de respeto y orden que protege la identidad de las instituciones. Es la herramienta que permite que, incluso en los entornos m\u00e1s complejos, prevalezca la claridad y el reconocimiento mutuo. La&nbsp;<strong>Alta Hospitalidad<\/strong>, por su parte, es el alma de esa estructura; es el compromiso de dise\u00f1ar espacios \u2014f\u00edsicos, sociales y relacionales\u2014 donde las personas se sientan valoradas y seguras para colaborar.<br><br>Me dirijo a empresas, organizaciones p\u00fablicas y marcas que comprenden que su&nbsp;<strong>reputaci\u00f3n<\/strong>&nbsp;se construye en los detalles. Que saben que la forma es, en esencia, fondo. Mi enfoque integra el rigor estrat\u00e9gico con una sensibilidad humana profunda, asegurando que cada gesto y cada proceso fortalezca el activo m\u00e1s valioso de cualquier liderazgo:&nbsp;<strong>la legitimidad y el capital relacional.<\/strong><br><br>Bienvenido a una consultor\u00eda donde la excelencia no es un accesorio, sino la base humana sobre la cual se construye el prestigio y la trascendencia.\n\t\t\t\t\t<\/p>\n\t\t\t\t<\/div>\n\t\t\t\t\t<\/div>\n\t\t\t\t<\/div>\n\t\t\t\t<\/div>\n\t\t","protected":false},"excerpt":{"rendered":"<p>Detr\u00e1s de cada gran acuerdo, de cada alianza gremial o de cada proyecto territorial exitoso, existe una arquitectura invisible que lo sostiene. Mi labor es dise\u00f1ar esa estructura: un entorno donde la&nbsp;precisi\u00f3n t\u00e9cnica&nbsp;y la&nbsp;calidez humana convergen para transformar una simple interacci\u00f3n en un v\u00ednculo de confianza profunda. Para m\u00ed, el&nbsp;Protocolo&nbsp;no es un conjunto de reglas&hellip;<\/p>\n","protected":false},"author":2,"featured_media":0,"parent":0,"menu_order":0,"comment_status":"closed","ping_status":"closed","template":"","meta":{"footnotes":""},"class_list":["post-808","page","type-page","status-publish","hentry"],"jetpack_sharing_enabled":true,"_links":{"self":[{"href":"https:\/\/aurasaggiavicensini.cl\/index.php?rest_route=\/wp\/v2\/pages\/808","targetHints":{"allow":["GET"]}}],"collection":[{"href":"https:\/\/aurasaggiavicensini.cl\/index.php?rest_route=\/wp\/v2\/pages"}],"about":[{"href":"https:\/\/aurasaggiavicensini.cl\/index.php?rest_route=\/wp\/v2\/types\/page"}],"author":[{"embeddable":true,"href":"https:\/\/aurasaggiavicensini.cl\/index.php?rest_route=\/wp\/v2\/users\/2"}],"replies":[{"embeddable":true,"href":"https:\/\/aurasaggiavicensini.cl\/index.php?rest_route=%2Fwp%2Fv2%2Fcomments&post=808"}],"version-history":[{"count":13,"href":"https:\/\/aurasaggiavicensini.cl\/index.php?rest_route=\/wp\/v2\/pages\/808\/revisions"}],"predecessor-version":[{"id":825,"href":"https:\/\/aurasaggiavicensini.cl\/index.php?rest_route=\/wp\/v2\/pages\/808\/revisions\/825"}],"wp:attachment":[{"href":"https:\/\/aurasaggiavicensini.cl\/index.php?rest_route=%2Fwp%2Fv2%2Fmedia&parent=808"}],"curies":[{"name":"wp","href":"https:\/\/api.w.org\/{rel}","templated":true}]}}