{"id":826,"date":"2026-05-08T01:37:56","date_gmt":"2026-05-08T01:37:56","guid":{"rendered":"https:\/\/aurasaggiavicensini.cl\/?page_id=826"},"modified":"2026-05-08T01:50:55","modified_gmt":"2026-05-08T01:50:55","slug":"el-valor-de-lo-invisible-2","status":"publish","type":"page","link":"https:\/\/aurasaggiavicensini.cl\/?page_id=826","title":{"rendered":"Acerca de M\u00ed"},"content":{"rendered":"\t\t<div data-elementor-type=\"wp-page\" data-elementor-id=\"826\" class=\"elementor elementor-826\">\n\t\t\t\t<div class=\"elementor-element elementor-element-62f0692 e-con-full e-flex elementor-invisible e-con e-parent\" data-id=\"62f0692\" data-element_type=\"container\" data-e-type=\"container\" data-settings=\"{&quot;animation&quot;:&quot;swing&quot;}\">\n\t\t<div class=\"elementor-element elementor-element-b0f624c e-con-full e-flex elementor-invisible e-con e-child\" data-id=\"b0f624c\" data-element_type=\"container\" data-e-type=\"container\" data-settings=\"{&quot;animation&quot;:&quot;fadeIn&quot;}\">\n\t\t\t\t\t\t\t\n\t\t\t<img class=\"e-image-base \" \n\t\t\t\t\tdata-interaction-id=\"81a2c39\" \n\t\t \n\t\t \n\t\t\t\t\t\t\t\t\tid=\"833\"\n\t\t\t\t\t\t\t\t\t\t\t\tsrc=\"https:\/\/aurasaggiavicensini.cl\/wp-content\/uploads\/2026\/05\/aura-1.png\"\n\t\t\t\t\t\t\t\t\t\t\t\twidth=\"600\"\n\t\t\t\t\t\t\t\t\t\t\t\theight=\"1500\"\n\t\t\t\t\t\t\t\t\t\t\t\tsrcset=\"https:\/\/aurasaggiavicensini.cl\/wp-content\/uploads\/2026\/05\/aura-1.png 600w, https:\/\/aurasaggiavicensini.cl\/wp-content\/uploads\/2026\/05\/aura-1-120x300.png 120w, https:\/\/aurasaggiavicensini.cl\/wp-content\/uploads\/2026\/05\/aura-1-410x1024.png 410w\"\n\t\t\t\t\t\t\t\t\t\t\t\talt=\"\"\n\t\t\t\t\t\t\/>\n\t\t\t\t\t<\/div>\n\t\t<div class=\"elementor-element elementor-element-d712fef e-con-full e-flex e-con e-child\" data-id=\"d712fef\" data-element_type=\"container\" data-e-type=\"container\">\n\t\t<div class=\"elementor-element elementor-element-8e8cb3f e-flex e-con-boxed e-con e-child\" data-id=\"8e8cb3f\" data-element_type=\"container\" data-e-type=\"container\">\n\t\t\t\t\t<div class=\"e-con-inner\">\n\t\t\t\t<div class=\"elementor-element elementor-element-810b983 elementor-widget__width-initial elementor-widget elementor-widget-text-editor\" data-id=\"810b983\" data-element_type=\"widget\" data-e-type=\"widget\" data-widget_type=\"text-editor.default\">\n\t\t\t\t\t\t\t\t\t<p>Consultora Senior con m\u00e1s de 25 a\u00f1os de trayectoria internacional, especializada en el dise\u00f1o de arquitecturas donde la\u00a0<strong>Diplomacia Corporativa<\/strong>, la\u00a0<strong>Hospitalidad<\/strong>\u00a0y la\u00a0<strong>Comunicaci\u00f3n Estrat\u00e9gica<\/strong>\u00a0convergen para resolver desaf\u00edos institucionales complejos. Mi expertise se centra en la creaci\u00f3n de escenarios de confianza profunda, gestionando requerimientos de entidades gubernamentales y privadas con una s\u00edntesis \u00fanica de rigor t\u00e9cnico, madurez y distinci\u00f3n. Poseo una s\u00f3lida formaci\u00f3n en relaciones internacionales y gesti\u00f3n de entornos de alto impacto, lo que me permite articular soluciones que trascienden lo operativo para fortalecer la reputaci\u00f3n y el capital relacional de mis clientes.<\/p><p>Complemento esta trayectoria brindando asesor\u00eda estrat\u00e9gica como\u00a0<em>Gestora de Valor de activos<\/em>\u00a0en el segmento de servicios y hospitalidad, con foco en la estructuraci\u00f3n de modelos\u00a0<strong>Asset Light<\/strong>\u00a0para espacios gastron\u00f3micos, patrimoniales y destinos tur\u00edsticos. Mi gesti\u00f3n se centra en la planificaci\u00f3n t\u00e9cnica y el dise\u00f1o de experiencias rentables, permitiendo a los propietarios de activos optimizar su valor percibido mediante una ejecuci\u00f3n conceptual impecable. Integro la maestr\u00eda de las formas institucionales con una visi\u00f3n operativa de excelencia, asegurando que cada estrategia est\u00e9 alineada con los m\u00e1s altos est\u00e1ndares de calidad y coherencia.<\/p>\t\t\t\t\t\t\t\t<\/div>\n\t\t\t\t\t<\/div>\n\t\t\t\t<\/div>\n\t\t<div class=\"elementor-element elementor-element-9a1ea12 e-con-full e-flex e-con e-child\" data-id=\"9a1ea12\" data-element_type=\"container\" data-e-type=\"container\">\n\t\t\t\t<div class=\"elementor-element elementor-element-4009edf elementor-widget elementor-widget-text-editor\" data-id=\"4009edf\" data-element_type=\"widget\" data-e-type=\"widget\" data-widget_type=\"text-editor.default\">\n\t\t\t\t\t\t\t\t\t<p>Finalmente, proyecto este bagaje profesional hacia un liderazgo gremial y territorial activo, como un aporte esencial al desarrollo del entorno. Lidero la vinculaci\u00f3n estrat\u00e9gico-comercial y la gesti\u00f3n de intereses ante autoridades, articulando ecosistemas que impulsen el crecimiento local, el\u00a0<em>networking<\/em>\u00a0de alto impacto y la puesta en valor de entornos sociales y econ\u00f3micos. En mi visi\u00f3n, la gobernanza y la hospitalidad son los pilares sobre los cuales se construye la legitimidad y la trascendencia de cualquier proyecto u organizaci\u00f3n.<\/p>\t\t\t\t\t\t\t\t<\/div>\n\t\t\t\t<\/div>\n\t\t\t\t<\/div>\n\t\t\t\t<\/div>\n\t\t\t\t<\/div>\n\t\t","protected":false},"excerpt":{"rendered":"<p>Consultora Senior con m\u00e1s de 25 a\u00f1os de trayectoria internacional, especializada en el dise\u00f1o de arquitecturas donde la\u00a0Diplomacia Corporativa, la\u00a0Hospitalidad\u00a0y la\u00a0Comunicaci\u00f3n Estrat\u00e9gica\u00a0convergen para resolver desaf\u00edos institucionales complejos. Mi expertise se centra en la creaci\u00f3n de escenarios de confianza profunda, gestionando requerimientos de entidades gubernamentales y privadas con una s\u00edntesis \u00fanica de rigor t\u00e9cnico, madurez y&hellip;<\/p>\n","protected":false},"author":2,"featured_media":0,"parent":0,"menu_order":0,"comment_status":"closed","ping_status":"closed","template":"","meta":{"footnotes":""},"class_list":["post-826","page","type-page","status-publish","hentry"],"jetpack_sharing_enabled":true,"_links":{"self":[{"href":"https:\/\/aurasaggiavicensini.cl\/index.php?rest_route=\/wp\/v2\/pages\/826","targetHints":{"allow":["GET"]}}],"collection":[{"href":"https:\/\/aurasaggiavicensini.cl\/index.php?rest_route=\/wp\/v2\/pages"}],"about":[{"href":"https:\/\/aurasaggiavicensini.cl\/index.php?rest_route=\/wp\/v2\/types\/page"}],"author":[{"embeddable":true,"href":"https:\/\/aurasaggiavicensini.cl\/index.php?rest_route=\/wp\/v2\/users\/2"}],"replies":[{"embeddable":true,"href":"https:\/\/aurasaggiavicensini.cl\/index.php?rest_route=%2Fwp%2Fv2%2Fcomments&post=826"}],"version-history":[{"count":22,"href":"https:\/\/aurasaggiavicensini.cl\/index.php?rest_route=\/wp\/v2\/pages\/826\/revisions"}],"predecessor-version":[{"id":851,"href":"https:\/\/aurasaggiavicensini.cl\/index.php?rest_route=\/wp\/v2\/pages\/826\/revisions\/851"}],"wp:attachment":[{"href":"https:\/\/aurasaggiavicensini.cl\/index.php?rest_route=%2Fwp%2Fv2%2Fmedia&parent=826"}],"curies":[{"name":"wp","href":"https:\/\/api.w.org\/{rel}","templated":true}]}}