{"id":897,"date":"2026-05-08T19:18:09","date_gmt":"2026-05-08T19:18:09","guid":{"rendered":"https:\/\/aurasaggiavicensini.cl\/?page_id=897"},"modified":"2026-05-08T19:28:25","modified_gmt":"2026-05-08T19:28:25","slug":"diplomacia-corporativa-y-relaciones-institucionales","status":"publish","type":"page","link":"https:\/\/aurasaggiavicensini.cl\/?page_id=897","title":{"rendered":"Diplomacia Corporativa y Relaciones Institucionales"},"content":{"rendered":"\t\t<div data-elementor-type=\"wp-post\" data-elementor-id=\"897\" class=\"elementor elementor-897\">\n\t\t\t\t<div class=\"elementor-element elementor-element-2564207 e-flex e-con-boxed e-con e-parent\" data-id=\"2564207\" data-element_type=\"container\" data-e-type=\"container\" data-settings=\"{&quot;background_background&quot;:&quot;classic&quot;}\">\n\t\t\t\t\t<div class=\"e-con-inner\">\n\t\t<div class=\"elementor-element elementor-element-871da28 e-con-full e-flex e-con e-child\" data-id=\"871da28\" data-element_type=\"container\" data-e-type=\"container\" data-settings=\"{&quot;background_background&quot;:&quot;classic&quot;}\">\n\t\t\t\t<div class=\"elementor-element elementor-element-7dba2276 elementor-invisible elementor-widget elementor-widget-text-editor\" data-id=\"7dba2276\" data-element_type=\"widget\" data-e-type=\"widget\" data-settings=\"{&quot;_animation&quot;:&quot;fadeIn&quot;}\" data-widget_type=\"text-editor.default\">\n\t\t\t\t\t\t\t\t\t<h1><span style=\"color: #3b4f6e;\">Diplomacia Corporativa y Relaciones Institucionales<\/span><\/h1><p><strong>Prop\u00f3sito:<\/strong><br \/>Gesti\u00f3n de la reputaci\u00f3n y blindaje institucional ante actores estrat\u00e9gicos y gubernamentales.<\/p><ul><li style=\"text-align: justify;\"><strong>Senior Advisory &amp; Protocolo de Estado:<\/strong>Dise\u00f1o de arquitecturas protocolares para directorios y alta gerencia en entornos multinacionales. Manejo de precedencias y visitas ilustres, junto al\u00a0<strong>dise\u00f1o de actos, ceremonias y la correcta aplicaci\u00f3n de tratamientos y vocativos en la comunicaci\u00f3n oficial.<\/strong><\/li><\/ul><ul><li style=\"text-align: justify;\"><strong>Gesti\u00f3n de Intereses y Lobby:<\/strong>\u00a0Articulaci\u00f3n de redes de influencia y representaci\u00f3n estrat\u00e9gica ante autoridades bajo la Ley de Lobby. Dise\u00f1o de estrategias de vinculaci\u00f3n para asociaciones gremiales.<\/li><li style=\"text-align: justify;\"><strong>Inteligencia Cultural para Negocios:<\/strong>\u00a0Programas de inmersi\u00f3n en etiqueta internacional y comportamiento ejecutivo en entornos multiculturales (Chile-Paraguay-Global).<\/li><li style=\"text-align: justify;\"><strong>Gesti\u00f3n Cr\u00edtica:<\/strong>\u00a0Direcci\u00f3n de misiones oficiales, firmas de tratados\/convenios y recepci\u00f3n de altos dignatarios.<\/li><\/ul>\t\t\t\t\t\t\t\t<\/div>\n\t\t\t\t<\/div>\n\t\t<div class=\"elementor-element elementor-element-1bc91a4 e-con-full e-flex e-con e-child\" data-id=\"1bc91a4\" data-element_type=\"container\" data-e-type=\"container\">\n\t\t\t\t\t\t\t\n\t\t\t<img class=\"e-image-base e-b54a94a-a88a82f\" \n\t\t\t\t\tdata-interaction-id=\"b54a94a\" \n\t\t \n\t\t \n\t\t\t\t\t\t\t\t\tid=\"861\"\n\t\t\t\t\t\t\t\t\t\t\t\tsrc=\"https:\/\/aurasaggiavicensini.cl\/wp-content\/uploads\/2026\/05\/diplo-1-e1778206388142.png\"\n\t\t\t\t\t\t\t\t\t\t\t\twidth=\"300\"\n\t\t\t\t\t\t\t\t\t\t\t\theight=\"419\"\n\t\t\t\t\t\t\t\t\t\t\t\tsrcset=\"https:\/\/aurasaggiavicensini.cl\/wp-content\/uploads\/2026\/05\/diplo-1-e1778206388142.png 300w, https:\/\/aurasaggiavicensini.cl\/wp-content\/uploads\/2026\/05\/diplo-1-e1778206388142-215x300.png 215w\"\n\t\t\t\t\t\t\t\t\t\t\t\talt=\"\"\n\t\t\t\t\t\t\/>\n\t\t\t\t\t<\/div>\n\t\t\t\t\t<\/div>\n\t\t\t\t<\/div>\n\t\t<div class=\"elementor-element elementor-element-7280db74 e-flex e-con-boxed e-con e-parent\" data-id=\"7280db74\" data-element_type=\"container\" data-e-type=\"container\">\n\t\t\t\t\t<div class=\"e-con-inner\">\n\t\t\t\t\t<\/div>\n\t\t\t\t<\/div>\n\t\t\t\t<\/div>\n\t\t","protected":false},"excerpt":{"rendered":"<p>Diplomacia Corporativa y Relaciones Institucionales Prop\u00f3sito:Gesti\u00f3n de la reputaci\u00f3n y blindaje institucional ante actores estrat\u00e9gicos y gubernamentales. Senior Advisory &amp; Protocolo de Estado:Dise\u00f1o de arquitecturas protocolares para directorios y alta gerencia en entornos multinacionales. Manejo de precedencias y visitas ilustres, junto al\u00a0dise\u00f1o de actos, ceremonias y la correcta aplicaci\u00f3n de tratamientos y vocativos en la&hellip;<\/p>\n","protected":false},"author":2,"featured_media":0,"parent":0,"menu_order":0,"comment_status":"closed","ping_status":"closed","template":"templates\/template-page-builders.php","meta":{"footnotes":""},"class_list":["post-897","page","type-page","status-publish","hentry"],"jetpack_sharing_enabled":true,"_links":{"self":[{"href":"https:\/\/aurasaggiavicensini.cl\/index.php?rest_route=\/wp\/v2\/pages\/897","targetHints":{"allow":["GET"]}}],"collection":[{"href":"https:\/\/aurasaggiavicensini.cl\/index.php?rest_route=\/wp\/v2\/pages"}],"about":[{"href":"https:\/\/aurasaggiavicensini.cl\/index.php?rest_route=\/wp\/v2\/types\/page"}],"author":[{"embeddable":true,"href":"https:\/\/aurasaggiavicensini.cl\/index.php?rest_route=\/wp\/v2\/users\/2"}],"replies":[{"embeddable":true,"href":"https:\/\/aurasaggiavicensini.cl\/index.php?rest_route=%2Fwp%2Fv2%2Fcomments&post=897"}],"version-history":[{"count":25,"href":"https:\/\/aurasaggiavicensini.cl\/index.php?rest_route=\/wp\/v2\/pages\/897\/revisions"}],"predecessor-version":[{"id":922,"href":"https:\/\/aurasaggiavicensini.cl\/index.php?rest_route=\/wp\/v2\/pages\/897\/revisions\/922"}],"wp:attachment":[{"href":"https:\/\/aurasaggiavicensini.cl\/index.php?rest_route=%2Fwp%2Fv2%2Fmedia&parent=897"}],"curies":[{"name":"wp","href":"https:\/\/api.w.org\/{rel}","templated":true}]}}