{"id":923,"date":"2026-05-08T20:10:11","date_gmt":"2026-05-08T20:10:11","guid":{"rendered":"https:\/\/aurasaggiavicensini.cl\/?page_id=923"},"modified":"2026-05-08T20:15:48","modified_gmt":"2026-05-08T20:15:48","slug":"strategic-mice-hospitality-engineering","status":"publish","type":"page","link":"https:\/\/aurasaggiavicensini.cl\/?page_id=923","title":{"rendered":"Strategic MICE &#038; Hospitality Engineering"},"content":{"rendered":"\t\t<div data-elementor-type=\"wp-post\" data-elementor-id=\"923\" class=\"elementor elementor-923\">\n\t\t\t\t<div class=\"elementor-element elementor-element-49a5668 e-flex e-con-boxed e-con e-parent\" data-id=\"49a5668\" data-element_type=\"container\" data-e-type=\"container\">\n\t\t\t\t\t<div class=\"e-con-inner\">\n\t\t<div class=\"elementor-element elementor-element-baddc8a e-con-full e-flex e-con e-child\" data-id=\"baddc8a\" data-element_type=\"container\" data-e-type=\"container\">\n\t\t\t\t<div class=\"elementor-element elementor-element-8b9d7ec elementor-widget elementor-widget-text-editor\" data-id=\"8b9d7ec\" data-element_type=\"widget\" data-e-type=\"widget\" data-widget_type=\"text-editor.default\">\n\t\t\t\t\t\t\t\t\t<h1>Strategic MICE &amp; Hospitality Engineering<\/h1><p><strong>Prop\u00f3sito:<\/strong>\u00a0<\/p><p>Ingenier\u00eda de servicios de alta gama aplicada al turismo de reuniones y la hospitalidad institucional.<\/p><ul><li><strong>Planificaci\u00f3n T\u00e9cnica de Congresos e Incentivos:<\/strong>Dise\u00f1o integral de foros internacionales y viajes de incentivo de alta gama, con foco en el dise\u00f1o de flujos de invitados y log\u00edstica de alta precisi\u00f3n.<\/li><li><strong>Optimizaci\u00f3n de Est\u00e1ndares de Excelencia: <\/strong>Dise\u00f1o de protocolos de servicio (SOP) y auditor\u00edas de hospitalidad para hoteles y centros de eventos bajo normas de clase mundial.<\/li><li><strong>Capacitaci\u00f3n de Equipos de Alto Desempe\u00f1o:<\/strong>Formaci\u00f3n avanzada para \u00e1reas de\u00a0<em>Front Desk<\/em>\u00a0y\u00a0<em>Guest Relations<\/em>bajo est\u00e1ndares de hospitalidad de lujo.<\/li><li><strong>Direcci\u00f3n Ejecutiva de Cumbres: <\/strong>Supervisi\u00f3n de encuentros de alta complejidad donde la seguridad, la comunicaci\u00f3n y la log\u00edstica deben operar en perfecta armon\u00eda.<\/li><\/ul>\t\t\t\t\t\t\t\t<\/div>\n\t\t\t\t<\/div>\n\t\t<div class=\"elementor-element elementor-element-1d2f784 e-con-full e-flex e-con e-child\" data-id=\"1d2f784\" data-element_type=\"container\" data-e-type=\"container\">\n\t\t\t\t\t\t\t\n\t\t\t<img class=\"e-image-base \" \n\t\t\t\t\tdata-interaction-id=\"d526a98\" \n\t\t \n\t\t \n\t\t\t\t\t\t\t\t\tid=\"869\"\n\t\t\t\t\t\t\t\t\t\t\t\tsrc=\"https:\/\/aurasaggiavicensini.cl\/wp-content\/uploads\/2026\/05\/estrateg-e1778207015224.png\"\n\t\t\t\t\t\t\t\t\t\t\t\twidth=\"300\"\n\t\t\t\t\t\t\t\t\t\t\t\theight=\"459\"\n\t\t\t\t\t\t\t\t\t\t\t\tsrcset=\"https:\/\/aurasaggiavicensini.cl\/wp-content\/uploads\/2026\/05\/estrateg-e1778207015224.png 300w, https:\/\/aurasaggiavicensini.cl\/wp-content\/uploads\/2026\/05\/estrateg-e1778207015224-196x300.png 196w\"\n\t\t\t\t\t\t\t\t\t\t\t\talt=\"\"\n\t\t\t\t\t\t\/>\n\t\t\t\t\t<\/div>\n\t\t\t\t\t<\/div>\n\t\t\t\t<\/div>\n\t\t\t\t<\/div>\n\t\t","protected":false},"excerpt":{"rendered":"<p>Strategic MICE &amp; Hospitality Engineering Prop\u00f3sito:\u00a0 Ingenier\u00eda de servicios de alta gama aplicada al turismo de reuniones y la hospitalidad institucional. Planificaci\u00f3n T\u00e9cnica de Congresos e Incentivos:Dise\u00f1o integral de foros internacionales y viajes de incentivo de alta gama, con foco en el dise\u00f1o de flujos de invitados y log\u00edstica de alta precisi\u00f3n. Optimizaci\u00f3n de Est\u00e1ndares&hellip;<\/p>\n","protected":false},"author":2,"featured_media":0,"parent":0,"menu_order":0,"comment_status":"closed","ping_status":"closed","template":"templates\/template-page-builders.php","meta":{"footnotes":""},"class_list":["post-923","page","type-page","status-publish","hentry"],"jetpack_sharing_enabled":true,"_links":{"self":[{"href":"https:\/\/aurasaggiavicensini.cl\/index.php?rest_route=\/wp\/v2\/pages\/923","targetHints":{"allow":["GET"]}}],"collection":[{"href":"https:\/\/aurasaggiavicensini.cl\/index.php?rest_route=\/wp\/v2\/pages"}],"about":[{"href":"https:\/\/aurasaggiavicensini.cl\/index.php?rest_route=\/wp\/v2\/types\/page"}],"author":[{"embeddable":true,"href":"https:\/\/aurasaggiavicensini.cl\/index.php?rest_route=\/wp\/v2\/users\/2"}],"replies":[{"embeddable":true,"href":"https:\/\/aurasaggiavicensini.cl\/index.php?rest_route=%2Fwp%2Fv2%2Fcomments&post=923"}],"version-history":[{"count":4,"href":"https:\/\/aurasaggiavicensini.cl\/index.php?rest_route=\/wp\/v2\/pages\/923\/revisions"}],"predecessor-version":[{"id":928,"href":"https:\/\/aurasaggiavicensini.cl\/index.php?rest_route=\/wp\/v2\/pages\/923\/revisions\/928"}],"wp:attachment":[{"href":"https:\/\/aurasaggiavicensini.cl\/index.php?rest_route=%2Fwp%2Fv2%2Fmedia&parent=923"}],"curies":[{"name":"wp","href":"https:\/\/api.w.org\/{rel}","templated":true}]}}