{"id":929,"date":"2026-05-08T20:17:12","date_gmt":"2026-05-08T20:17:12","guid":{"rendered":"https:\/\/aurasaggiavicensini.cl\/?page_id=929"},"modified":"2026-05-08T20:19:55","modified_gmt":"2026-05-08T20:19:55","slug":"asset-light-management-puesta-en-valor","status":"publish","type":"page","link":"https:\/\/aurasaggiavicensini.cl\/?page_id=929","title":{"rendered":"Asset Light Management &#038; Puesta en Valor"},"content":{"rendered":"\t\t<div data-elementor-type=\"wp-post\" data-elementor-id=\"929\" class=\"elementor elementor-929\">\n\t\t\t\t<div class=\"elementor-element elementor-element-49a5668 e-flex e-con-boxed e-con e-parent\" data-id=\"49a5668\" data-element_type=\"container\" data-e-type=\"container\">\n\t\t\t\t\t<div class=\"e-con-inner\">\n\t\t<div class=\"elementor-element elementor-element-baddc8a e-con-full e-flex e-con e-child\" data-id=\"baddc8a\" data-element_type=\"container\" data-e-type=\"container\">\n\t\t\t\t<div class=\"elementor-element elementor-element-8b9d7ec elementor-widget elementor-widget-text-editor\" data-id=\"8b9d7ec\" data-element_type=\"widget\" data-e-type=\"widget\" data-widget_type=\"text-editor.default\">\n\t\t\t\t\t\t\t\t\t<h1><strong>Asset Light Management<\/strong> <strong>&amp; Puesta en Valor<\/strong><\/h1><p><strong>Prop\u00f3sito:<\/strong>\u00a0<br \/><em>Maximizaci\u00f3n del valor de activos y entornos mediante modelos de gesti\u00f3n \u00e1giles y creaci\u00f3n de experiencias.<\/em><\/p><ul><li><strong>Conceptualizaci\u00f3n de Activos de Ocio:<\/strong>Dise\u00f1o de modelos de negocio para espacios gastron\u00f3micos y recreativos que transforman la infraestructura existente en experiencias de alta rentabilidad sin inversi\u00f3n intensiva en propiedad.<\/li><li><strong>Revitalizaci\u00f3n de Entornos Urbanos y Patrimoniales:<\/strong>Estrategias de activaci\u00f3n para espacios p\u00fablicos, rurales y edificios hist\u00f3ricos, aumentando su valor percibido mediante la identidad y el prop\u00f3sito.<\/li><li><strong>Estrategia de Desarrollo de Destinos y Comunidades Anfitrionas:<\/strong>Consultor\u00eda enfocada en convertir barrios y espacios comerciales pintorescos en destinos de alto valor. Se trabaja en el empoderamiento de la poblaci\u00f3n local y el comercio identitario para posicionarlos como embajadores de su entorno bajo una mirada de desarrollo humano y excelencia tur\u00edstica.<\/li><li><strong>Planificaci\u00f3n de Polos Tur\u00edsticos e Inmobiliarios:<\/strong>Integraci\u00f3n del tejido social con el potencial comercial del territorio, asegurando que el crecimiento econ\u00f3mico respete y potencie la autenticidad del lugar.<\/li><li><strong>Gobernanza Operativa y Alianzas:<\/strong>Estructuraci\u00f3n de contratos de gesti\u00f3n, b\u00fasqueda de socios estrat\u00e9gicos y supervisi\u00f3n de calidad en activos operados por terceros para garantizar la sostenibilidad del modelo.<\/li><\/ul>\t\t\t\t\t\t\t\t<\/div>\n\t\t\t\t<\/div>\n\t\t<div class=\"elementor-element elementor-element-1d2f784 e-con-full e-flex e-con e-child\" data-id=\"1d2f784\" data-element_type=\"container\" data-e-type=\"container\">\n\t\t\t\t\t\t\t\n\t\t\t<img class=\"e-image-base \" \n\t\t\t\t\tdata-interaction-id=\"d526a98\" \n\t\t \n\t\t \n\t\t\t\t\t\t\t\t\tid=\"869\"\n\t\t\t\t\t\t\t\t\t\t\t\tsrc=\"https:\/\/aurasaggiavicensini.cl\/wp-content\/uploads\/2026\/05\/estrateg-e1778207015224.png\"\n\t\t\t\t\t\t\t\t\t\t\t\twidth=\"300\"\n\t\t\t\t\t\t\t\t\t\t\t\theight=\"459\"\n\t\t\t\t\t\t\t\t\t\t\t\tsrcset=\"https:\/\/aurasaggiavicensini.cl\/wp-content\/uploads\/2026\/05\/estrateg-e1778207015224.png 300w, https:\/\/aurasaggiavicensini.cl\/wp-content\/uploads\/2026\/05\/estrateg-e1778207015224-196x300.png 196w\"\n\t\t\t\t\t\t\t\t\t\t\t\talt=\"\"\n\t\t\t\t\t\t\/>\n\t\t\t\t\t<\/div>\n\t\t\t\t\t<\/div>\n\t\t\t\t<\/div>\n\t\t\t\t<\/div>\n\t\t","protected":false},"excerpt":{"rendered":"<p>Asset Light Management &amp; Puesta en Valor Prop\u00f3sito:\u00a0Maximizaci\u00f3n del valor de activos y entornos mediante modelos de gesti\u00f3n \u00e1giles y creaci\u00f3n de experiencias. Conceptualizaci\u00f3n de Activos de Ocio:Dise\u00f1o de modelos de negocio para espacios gastron\u00f3micos y recreativos que transforman la infraestructura existente en experiencias de alta rentabilidad sin inversi\u00f3n intensiva en propiedad. Revitalizaci\u00f3n de Entornos&hellip;<\/p>\n","protected":false},"author":2,"featured_media":0,"parent":0,"menu_order":0,"comment_status":"closed","ping_status":"closed","template":"templates\/template-page-builders.php","meta":{"footnotes":""},"class_list":["post-929","page","type-page","status-publish","hentry"],"jetpack_sharing_enabled":true,"_links":{"self":[{"href":"https:\/\/aurasaggiavicensini.cl\/index.php?rest_route=\/wp\/v2\/pages\/929","targetHints":{"allow":["GET"]}}],"collection":[{"href":"https:\/\/aurasaggiavicensini.cl\/index.php?rest_route=\/wp\/v2\/pages"}],"about":[{"href":"https:\/\/aurasaggiavicensini.cl\/index.php?rest_route=\/wp\/v2\/types\/page"}],"author":[{"embeddable":true,"href":"https:\/\/aurasaggiavicensini.cl\/index.php?rest_route=\/wp\/v2\/users\/2"}],"replies":[{"embeddable":true,"href":"https:\/\/aurasaggiavicensini.cl\/index.php?rest_route=%2Fwp%2Fv2%2Fcomments&post=929"}],"version-history":[{"count":7,"href":"https:\/\/aurasaggiavicensini.cl\/index.php?rest_route=\/wp\/v2\/pages\/929\/revisions"}],"predecessor-version":[{"id":936,"href":"https:\/\/aurasaggiavicensini.cl\/index.php?rest_route=\/wp\/v2\/pages\/929\/revisions\/936"}],"wp:attachment":[{"href":"https:\/\/aurasaggiavicensini.cl\/index.php?rest_route=%2Fwp%2Fv2%2Fmedia&parent=929"}],"curies":[{"name":"wp","href":"https:\/\/api.w.org\/{rel}","templated":true}]}}