{"id":937,"date":"2026-05-08T20:20:53","date_gmt":"2026-05-08T20:20:53","guid":{"rendered":"https:\/\/aurasaggiavicensini.cl\/?page_id=937"},"modified":"2026-05-08T20:21:32","modified_gmt":"2026-05-08T20:21:32","slug":"asuntos-publicos-y-relacionamiento-territorial","status":"publish","type":"page","link":"https:\/\/aurasaggiavicensini.cl\/?page_id=937","title":{"rendered":"Asuntos P\u00fablicos y Relacionamiento Territorial"},"content":{"rendered":"\t\t<div data-elementor-type=\"wp-post\" data-elementor-id=\"937\" class=\"elementor elementor-937\">\n\t\t\t\t<div class=\"elementor-element elementor-element-49a5668 e-flex e-con-boxed e-con e-parent\" data-id=\"49a5668\" data-element_type=\"container\" data-e-type=\"container\">\n\t\t\t\t\t<div class=\"e-con-inner\">\n\t\t<div class=\"elementor-element elementor-element-baddc8a e-con-full e-flex e-con e-child\" data-id=\"baddc8a\" data-element_type=\"container\" data-e-type=\"container\">\n\t\t\t\t<div class=\"elementor-element elementor-element-8b9d7ec elementor-widget elementor-widget-text-editor\" data-id=\"8b9d7ec\" data-element_type=\"widget\" data-e-type=\"widget\" data-widget_type=\"text-editor.default\">\n\t\t\t\t\t\t\t\t\t<h1><strong>Asuntos P\u00fablicos y Relacionamiento Territorial<\/strong><\/h1><p><strong>Prop\u00f3sito:<\/strong>\u00a0<em>Gesti\u00f3n de la \u00abLicencia Social para Operar\u00bb y construcci\u00f3n de armon\u00eda estrat\u00e9gica entre el sector privado, el sector p\u00fablico y el tejido social.<\/em><\/p><ul><li><strong>Diplomacia Territorial y Relacionamiento Comunitario:<\/strong>Dise\u00f1o de marcos de convivencia y planes de responsabilidad local en zonas de alto impacto o crecimiento. El foco es transformar la presencia de una organizaci\u00f3n en un factor de valor para el entorno.<\/li><li><strong>Gesti\u00f3n de Entornos Complejos y Mediaci\u00f3n:<\/strong>Liderazgo en la creaci\u00f3n de mesas de di\u00e1logo y resoluci\u00f3n de asimetr\u00edas entre empresas, comunidades y administradores de activos. Se act\u00faa como un tercero de confianza para asegurar la continuidad operativa y la paz social.<\/li><li><strong>Gobernanza y Sostenibilidad Urbana:<\/strong>Consultor\u00eda en proyectos de seguridad colaborativa y comunicaci\u00f3n estrat\u00e9gica para entornos residenciales y productivos. El objetivo es alinear los intereses privados con el bienestar com\u00fan, asegurando la sostenibilidad del activo en el territorio.<\/li><li><strong>Vinculaci\u00f3n Institucional y Gremial:<\/strong>Articulaci\u00f3n de redes de apoyo y gesti\u00f3n de intereses ante autoridades, fortaleciendo la representatividad y el impacto de organizaciones y gremios en su esfera de influencia.<\/li><\/ul><p>\u00a0<\/p>\t\t\t\t\t\t\t\t<\/div>\n\t\t\t\t<\/div>\n\t\t<div class=\"elementor-element elementor-element-1d2f784 e-con-full e-flex e-con e-child\" data-id=\"1d2f784\" data-element_type=\"container\" data-e-type=\"container\">\n\t\t\t\t\t\t\t\n\t\t\t<img class=\"e-image-base \" \n\t\t\t\t\tdata-interaction-id=\"d526a98\" \n\t\t \n\t\t \n\t\t\t\t\t\t\t\t\tid=\"869\"\n\t\t\t\t\t\t\t\t\t\t\t\tsrc=\"https:\/\/aurasaggiavicensini.cl\/wp-content\/uploads\/2026\/05\/estrateg-e1778207015224.png\"\n\t\t\t\t\t\t\t\t\t\t\t\twidth=\"300\"\n\t\t\t\t\t\t\t\t\t\t\t\theight=\"459\"\n\t\t\t\t\t\t\t\t\t\t\t\tsrcset=\"https:\/\/aurasaggiavicensini.cl\/wp-content\/uploads\/2026\/05\/estrateg-e1778207015224.png 300w, https:\/\/aurasaggiavicensini.cl\/wp-content\/uploads\/2026\/05\/estrateg-e1778207015224-196x300.png 196w\"\n\t\t\t\t\t\t\t\t\t\t\t\talt=\"\"\n\t\t\t\t\t\t\/>\n\t\t\t\t\t<\/div>\n\t\t\t\t\t<\/div>\n\t\t\t\t<\/div>\n\t\t\t\t<\/div>\n\t\t","protected":false},"excerpt":{"rendered":"<p>Asuntos P\u00fablicos y Relacionamiento Territorial Prop\u00f3sito:\u00a0Gesti\u00f3n de la \u00abLicencia Social para Operar\u00bb y construcci\u00f3n de armon\u00eda estrat\u00e9gica entre el sector privado, el sector p\u00fablico y el tejido social. Diplomacia Territorial y Relacionamiento Comunitario:Dise\u00f1o de marcos de convivencia y planes de responsabilidad local en zonas de alto impacto o crecimiento. El foco es transformar la presencia&hellip;<\/p>\n","protected":false},"author":2,"featured_media":0,"parent":0,"menu_order":0,"comment_status":"closed","ping_status":"closed","template":"templates\/template-page-builders.php","meta":{"footnotes":""},"class_list":["post-937","page","type-page","status-publish","hentry"],"jetpack_sharing_enabled":true,"_links":{"self":[{"href":"https:\/\/aurasaggiavicensini.cl\/index.php?rest_route=\/wp\/v2\/pages\/937","targetHints":{"allow":["GET"]}}],"collection":[{"href":"https:\/\/aurasaggiavicensini.cl\/index.php?rest_route=\/wp\/v2\/pages"}],"about":[{"href":"https:\/\/aurasaggiavicensini.cl\/index.php?rest_route=\/wp\/v2\/types\/page"}],"author":[{"embeddable":true,"href":"https:\/\/aurasaggiavicensini.cl\/index.php?rest_route=\/wp\/v2\/users\/2"}],"replies":[{"embeddable":true,"href":"https:\/\/aurasaggiavicensini.cl\/index.php?rest_route=%2Fwp%2Fv2%2Fcomments&post=937"}],"version-history":[{"count":4,"href":"https:\/\/aurasaggiavicensini.cl\/index.php?rest_route=\/wp\/v2\/pages\/937\/revisions"}],"predecessor-version":[{"id":941,"href":"https:\/\/aurasaggiavicensini.cl\/index.php?rest_route=\/wp\/v2\/pages\/937\/revisions\/941"}],"wp:attachment":[{"href":"https:\/\/aurasaggiavicensini.cl\/index.php?rest_route=%2Fwp%2Fv2%2Fmedia&parent=937"}],"curies":[{"name":"wp","href":"https:\/\/api.w.org\/{rel}","templated":true}]}}