{"id":942,"date":"2026-05-08T20:22:30","date_gmt":"2026-05-08T20:22:30","guid":{"rendered":"https:\/\/aurasaggiavicensini.cl\/?page_id=942"},"modified":"2026-05-08T20:24:22","modified_gmt":"2026-05-08T20:24:22","slug":"gobernanza-organizacional-y-diplomacia-corporativa","status":"publish","type":"page","link":"https:\/\/aurasaggiavicensini.cl\/?page_id=942","title":{"rendered":"Gobernanza Organizacional y Diplomacia Corporativa"},"content":{"rendered":"\t\t<div data-elementor-type=\"wp-post\" data-elementor-id=\"942\" class=\"elementor elementor-942\">\n\t\t\t\t<div class=\"elementor-element elementor-element-9f2f76d e-flex e-con-boxed e-con e-parent\" data-id=\"9f2f76d\" data-element_type=\"container\" data-e-type=\"container\">\n\t\t\t\t\t<div class=\"e-con-inner\">\n\t\t<div class=\"elementor-element elementor-element-44ef024 e-con-full e-flex e-con e-child\" data-id=\"44ef024\" data-element_type=\"container\" data-e-type=\"container\">\n\t\t\t\t<div class=\"elementor-element elementor-element-5f68b269 elementor-widget elementor-widget-text-editor\" data-id=\"5f68b269\" data-element_type=\"widget\" data-e-type=\"widget\" data-widget_type=\"text-editor.default\">\n\t\t\t\t\t\t\t\t\t<h1><strong>Gobernanza Organizacional y Diplomacia Corporativa<\/strong><\/h1><p><strong>Prop\u00f3sito:<\/strong>\u00a0<em>Alineaci\u00f3n de la identidad institucional con las estrategias de expansi\u00f3n y el fortalecimiento de la cultura interna.<\/em><\/p><ul><li><strong>Soft Landing y Cooperaci\u00f3n Binacional:<\/strong>Consultor\u00eda de expansi\u00f3n estrat\u00e9gica para empresas entre los mercados de Chile y Paraguay. El enfoque se centra en minimizar la fricci\u00f3n administrativa y cultural, actuando como facilitador para un aterrizaje operativo fluido y seguro.<\/li><li><strong>Ingenier\u00eda de Procesos y Cultura de Excelencia:<\/strong>Reestructuraci\u00f3n de sistemas operativos y modelos de gesti\u00f3n interna basados en metodolog\u00edas de alto impacto. El objetivo es optimizar el clima organizacional y la eficiencia, transformando la cultura de trabajo en un activo de reputaci\u00f3n.<\/li><li><strong>Comunicaci\u00f3n de Liderazgo y Mentor\u00eda Ejecutiva:<\/strong>Acompa\u00f1amiento estrat\u00e9gico para alta direcci\u00f3n y mujeres l\u00edderes en el desarrollo de competencias de comunicaci\u00f3n institucional, oratoria t\u00e9cnica y gesti\u00f3n de equipos de alto desempe\u00f1o.<\/li><li><strong>Arquitectura de la Reputaci\u00f3n Corporativa:<\/strong>Auditor\u00eda y dise\u00f1o de la narrativa institucional para fortalecer la confianza ante inversores, gremios y\u00a0<em>stakeholders<\/em>. Se enfoca en la coherencia entre el prop\u00f3sito de la organizaci\u00f3n y su proyecci\u00f3n p\u00fablica.<\/li><\/ul><p>\u00a0<\/p>\t\t\t\t\t\t\t\t<\/div>\n\t\t\t\t<\/div>\n\t\t<div class=\"elementor-element elementor-element-b8e26c1 e-con-full e-flex e-con e-child\" data-id=\"b8e26c1\" data-element_type=\"container\" data-e-type=\"container\">\n\t\t\t\t<\/div>\n\t\t\t\t\t<\/div>\n\t\t\t\t<\/div>\n\t\t<div class=\"elementor-element elementor-element-eceb2ce e-flex e-con-boxed e-con e-parent\" data-id=\"eceb2ce\" data-element_type=\"container\" data-e-type=\"container\">\n\t\t\t\t\t<div class=\"e-con-inner\">\n\t\t\t\t\t<\/div>\n\t\t\t\t<\/div>\n\t\t\t\t<\/div>\n\t\t","protected":false},"excerpt":{"rendered":"<p>Gobernanza Organizacional y Diplomacia Corporativa Prop\u00f3sito:\u00a0Alineaci\u00f3n de la identidad institucional con las estrategias de expansi\u00f3n y el fortalecimiento de la cultura interna. Soft Landing y Cooperaci\u00f3n Binacional:Consultor\u00eda de expansi\u00f3n estrat\u00e9gica para empresas entre los mercados de Chile y Paraguay. El enfoque se centra en minimizar la fricci\u00f3n administrativa y cultural, actuando como facilitador para un&hellip;<\/p>\n","protected":false},"author":2,"featured_media":0,"parent":0,"menu_order":0,"comment_status":"closed","ping_status":"closed","template":"templates\/template-page-builders.php","meta":{"footnotes":""},"class_list":["post-942","page","type-page","status-publish","hentry"],"jetpack_sharing_enabled":true,"_links":{"self":[{"href":"https:\/\/aurasaggiavicensini.cl\/index.php?rest_route=\/wp\/v2\/pages\/942","targetHints":{"allow":["GET"]}}],"collection":[{"href":"https:\/\/aurasaggiavicensini.cl\/index.php?rest_route=\/wp\/v2\/pages"}],"about":[{"href":"https:\/\/aurasaggiavicensini.cl\/index.php?rest_route=\/wp\/v2\/types\/page"}],"author":[{"embeddable":true,"href":"https:\/\/aurasaggiavicensini.cl\/index.php?rest_route=\/wp\/v2\/users\/2"}],"replies":[{"embeddable":true,"href":"https:\/\/aurasaggiavicensini.cl\/index.php?rest_route=%2Fwp%2Fv2%2Fcomments&post=942"}],"version-history":[{"count":4,"href":"https:\/\/aurasaggiavicensini.cl\/index.php?rest_route=\/wp\/v2\/pages\/942\/revisions"}],"predecessor-version":[{"id":946,"href":"https:\/\/aurasaggiavicensini.cl\/index.php?rest_route=\/wp\/v2\/pages\/942\/revisions\/946"}],"wp:attachment":[{"href":"https:\/\/aurasaggiavicensini.cl\/index.php?rest_route=%2Fwp%2Fv2%2Fmedia&parent=942"}],"curies":[{"name":"wp","href":"https:\/\/api.w.org\/{rel}","templated":true}]}}